{"id":9,"date":"2017-11-19T17:04:46","date_gmt":"2017-11-19T16:04:46","guid":{"rendered":"http:\/\/stjf.de\/wordpress\/impressum\/"},"modified":"2022-04-19T19:49:23","modified_gmt":"2022-04-19T17:49:23","slug":"impressum","status":"publish","type":"page","link":"https:\/\/stjf.de\/wordpress\/impressum\/","title":{"rendered":"Impressum"},"content":{"rendered":"<p><b>Impressum:<\/b><\/p>\n<p><b>J\u00fcrgen Strauss<br \/>\nSTRAUSS FAHRZEUGTECHNIK<br \/>\nEschenstra\u00dfe 9<br \/>\n89558 B\u00f6hmenkirch<\/b><\/p>\n<p>Telefon: (07332) 923560<br \/>\nTelefax: (07332) 923561<br \/>\nEmail:\u00a0<a href=\"mailto:info@stjf.de\">info@stjf.de<\/a><br \/>\nInternet: www.stjf.de<\/p>\n<p><b>Haftungshinweis:<\/b><b>\u00a0<\/b><\/p>\n<p><b>Umsatzsteuer-Identifikationsnummer<br \/>\ngem\u00e4ss \u00a7 27 a Umsatzsteuergesetz:<br \/>\nDE 145424369<\/b><\/p>\n<p><b>Trotz sorgf\u00e4ltiger inhaltlicher Kontrolle \u00fcbernehmen wir keine Haftung<br \/>\nf\u00fcr die Inhalte\u00a0<\/b><b>externer Links. F\u00fcr den Inhalt der verlinkten Seiten sind ausschliesslich deren Betreiber verantwortlich.<\/b><\/p>\n","protected":false},"excerpt":{"rendered":"<p>Impressum: J\u00fcrgen Strauss STRAUSS FAHRZEUGTECHNIK Eschenstra\u00dfe 9 89558 B\u00f6hmenkirch Telefon: (07332) 923560 Telefax: (07332) 923561 Email:\u00a0info@stjf.de Internet: www.stjf.de Haftungshinweis:\u00a0 Umsatzsteuer-Identifikationsnummer gem\u00e4ss \u00a7 27 a Umsatzsteuergesetz: DE 145424369 Trotz sorgf\u00e4ltiger inhaltlicher Kontrolle \u00fcbernehmen wir keine Haftung f\u00fcr die Inhalte\u00a0externer Links. F\u00fcr den Inhalt der verlinkten Seiten sind ausschliesslich deren Betreiber verantwortlich.<\/p>\n","protected":false},"author":1,"featured_media":0,"parent":0,"menu_order":0,"comment_status":"closed","ping_status":"closed","template":"","meta":{"site-sidebar-layout":"default","site-content-layout":"","ast-site-content-layout":"default","site-content-style":"default","site-sidebar-style":"default","ast-global-header-display":"","ast-banner-title-visibility":"","ast-main-header-display":"","ast-hfb-above-header-display":"","ast-hfb-below-header-display":"","ast-hfb-mobile-header-display":"","site-post-title":"","ast-breadcrumbs-content":"","ast-featured-img":"","footer-sml-layout":"","theme-transparent-header-meta":"","adv-header-id-meta":"","stick-header-meta":"","header-above-stick-meta":"","header-main-stick-meta":"","header-below-stick-meta":"","astra-migrate-meta-layouts":"default","ast-page-background-enabled":"default","ast-page-background-meta":{"desktop":{"background-color":"var(--ast-global-color-4)","background-image":"","background-repeat":"repeat","background-position":"center center","background-size":"auto","background-attachment":"scroll","background-type":"","background-media":"","overlay-type":"","overlay-color":"","overlay-opacity":"","overlay-gradient":""},"tablet":{"background-color":"","background-image":"","background-repeat":"repeat","background-position":"center center","background-size":"auto","background-attachment":"scroll","background-type":"","background-media":"","overlay-type":"","overlay-color":"","overlay-opacity":"","overlay-gradient":""},"mobile":{"background-color":"","background-image":"","background-repeat":"repeat","background-position":"center center","background-size":"auto","background-attachment":"scroll","background-type":"","background-media":"","overlay-type":"","overlay-color":"","overlay-opacity":"","overlay-gradient":""}},"ast-content-background-meta":{"desktop":{"background-color":"var(--ast-global-color-5)","background-image":"","background-repeat":"repeat","background-position":"center center","background-size":"auto","background-attachment":"scroll","background-type":"","background-media":"","overlay-type":"","overlay-color":"","overlay-opacity":"","overlay-gradient":""},"tablet":{"background-color":"var(--ast-global-color-5)","background-image":"","background-repeat":"repeat","background-position":"center center","background-size":"auto","background-attachment":"scroll","background-type":"","background-media":"","overlay-type":"","overlay-color":"","overlay-opacity":"","overlay-gradient":""},"mobile":{"background-color":"var(--ast-global-color-5)","background-image":"","background-repeat":"repeat","background-position":"center center","background-size":"auto","background-attachment":"scroll","background-type":"","background-media":"","overlay-type":"","overlay-color":"","overlay-opacity":"","overlay-gradient":""}},"footnotes":""},"class_list":["post-9","page","type-page","status-publish","hentry"],"jetpack_sharing_enabled":true,"_links":{"self":[{"href":"https:\/\/stjf.de\/wordpress\/wp-json\/wp\/v2\/pages\/9","targetHints":{"allow":["GET"]}}],"collection":[{"href":"https:\/\/stjf.de\/wordpress\/wp-json\/wp\/v2\/pages"}],"about":[{"href":"https:\/\/stjf.de\/wordpress\/wp-json\/wp\/v2\/types\/page"}],"author":[{"embeddable":true,"href":"https:\/\/stjf.de\/wordpress\/wp-json\/wp\/v2\/users\/1"}],"replies":[{"embeddable":true,"href":"https:\/\/stjf.de\/wordpress\/wp-json\/wp\/v2\/comments?post=9"}],"version-history":[{"count":5,"href":"https:\/\/stjf.de\/wordpress\/wp-json\/wp\/v2\/pages\/9\/revisions"}],"predecessor-version":[{"id":798,"href":"https:\/\/stjf.de\/wordpress\/wp-json\/wp\/v2\/pages\/9\/revisions\/798"}],"wp:attachment":[{"href":"https:\/\/stjf.de\/wordpress\/wp-json\/wp\/v2\/media?parent=9"}],"curies":[{"name":"wp","href":"https:\/\/api.w.org\/{rel}","templated":true}]}}