{"id":605,"date":"2018-07-14T13:00:44","date_gmt":"2018-07-14T11:00:44","guid":{"rendered":"http:\/\/stjf.de\/wordpress\/?post_type=product&#038;p=605"},"modified":"2026-04-17T14:30:43","modified_gmt":"2026-04-17T12:30:43","slug":"aluminium-motorhalter-fuer-ascona-b-manta-b","status":"publish","type":"product","link":"https:\/\/stjf.de\/wordpress\/produkt\/aluminium-motorhalter-fuer-ascona-b-manta-b\/","title":{"rendered":"Aluminium Motorhalter f\u00fcr Ascona B \u2013 Manta B"},"content":{"rendered":"","protected":false},"excerpt":{"rendered":"<p>in Verbindung mit Motor 2.0 \u2013 16 V<\/p>\n<p>(C20XE \u2013 C20LET \u2013 X20XEV)<\/p>\n<p>Problemloses verbauen von 16 V Motoren im Ascona B und Manta B.<br \/>\nKein umschwei\u00dfen der Motoraufname an der Vorderachse.<br \/>\nDer Motor sitzt auf optimaler Position.<br \/>\nUnter Verwendung der \u00d6lwanne Nr. 20 652 0780 ist der Motorumbau einfach und leicht durchzuf\u00fchren.<br \/>\nWichtigster Vorteil dieser L\u00f6sung gegen\u00fcber der Version mit dem nach vorne versetztem Motor (\u00d6l-Sumpf vor der Achse) ist die Gewichtsverteilung Vorderachse\/Hinterachse.<br \/>\nIm Vergleich zu Serienmotoren und 6-Zylinder Reihenmotoren haben W\u00e4gungen an Fahrzeugen mit den nach vorne versetzten Motoren die schlechtetsten Gewichtsverteilungen ergeben.<\/p>\n","protected":false},"featured_media":829,"comment_status":"open","ping_status":"closed","template":"","meta":{"site-sidebar-layout":"default","site-content-layout":"default","ast-site-content-layout":"default","site-content-style":"default","site-sidebar-style":"default","ast-global-header-display":"","ast-banner-title-visibility":"","ast-main-header-display":"","ast-hfb-above-header-display":"","ast-hfb-below-header-display":"","ast-hfb-mobile-header-display":"","site-post-title":"","ast-breadcrumbs-content":"","ast-featured-img":"","footer-sml-layout":"","theme-transparent-header-meta":"default","adv-header-id-meta":"","stick-header-meta":"","header-above-stick-meta":"","header-main-stick-meta":"","header-below-stick-meta":"","astra-migrate-meta-layouts":"set","ast-page-background-enabled":"default","ast-page-background-meta":{"desktop":{"background-color":"var(--ast-global-color-4)","background-image":"","background-repeat":"repeat","background-position":"center center","background-size":"auto","background-attachment":"scroll","background-type":"","background-media":"","overlay-type":"","overlay-color":"","overlay-opacity":"","overlay-gradient":""},"tablet":{"background-color":"","background-image":"","background-repeat":"repeat","background-position":"center center","background-size":"auto","background-attachment":"scroll","background-type":"","background-media":"","overlay-type":"","overlay-color":"","overlay-opacity":"","overlay-gradient":""},"mobile":{"background-color":"","background-image":"","background-repeat":"repeat","background-position":"center center","background-size":"auto","background-attachment":"scroll","background-type":"","background-media":"","overlay-type":"","overlay-color":"","overlay-opacity":"","overlay-gradient":""}},"ast-content-background-meta":{"desktop":{"background-color":"var(--ast-global-color-5)","background-image":"","background-repeat":"repeat","background-position":"center center","background-size":"auto","background-attachment":"scroll","background-type":"","background-media":"","overlay-type":"","overlay-color":"","overlay-opacity":"","overlay-gradient":""},"tablet":{"background-color":"var(--ast-global-color-5)","background-image":"","background-repeat":"repeat","background-position":"center center","background-size":"auto","background-attachment":"scroll","background-type":"","background-media":"","overlay-type":"","overlay-color":"","overlay-opacity":"","overlay-gradient":""},"mobile":{"background-color":"var(--ast-global-color-5)","background-image":"","background-repeat":"repeat","background-position":"center center","background-size":"auto","background-attachment":"scroll","background-type":"","background-media":"","overlay-type":"","overlay-color":"","overlay-opacity":"","overlay-gradient":""}}},"product_brand":[],"product_cat":[62],"product_tag":[],"class_list":{"0":"post-605","1":"product","2":"type-product","3":"status-publish","4":"has-post-thumbnail","6":"product_cat-unkategorisiert","7":"pa_art-86","8":"desktop-align-left","9":"tablet-align-left","10":"mobile-align-left","12":"first","13":"instock","14":"taxable","15":"shipping-taxable","16":"purchasable","17":"product-type-simple"},"jetpack_sharing_enabled":true,"_links":{"self":[{"href":"https:\/\/stjf.de\/wordpress\/wp-json\/wp\/v2\/product\/605","targetHints":{"allow":["GET"]}}],"collection":[{"href":"https:\/\/stjf.de\/wordpress\/wp-json\/wp\/v2\/product"}],"about":[{"href":"https:\/\/stjf.de\/wordpress\/wp-json\/wp\/v2\/types\/product"}],"replies":[{"embeddable":true,"href":"https:\/\/stjf.de\/wordpress\/wp-json\/wp\/v2\/comments?post=605"}],"wp:featuredmedia":[{"embeddable":true,"href":"https:\/\/stjf.de\/wordpress\/wp-json\/wp\/v2\/media\/829"}],"wp:attachment":[{"href":"https:\/\/stjf.de\/wordpress\/wp-json\/wp\/v2\/media?parent=605"}],"wp:term":[{"taxonomy":"product_brand","embeddable":true,"href":"https:\/\/stjf.de\/wordpress\/wp-json\/wp\/v2\/product_brand?post=605"},{"taxonomy":"product_cat","embeddable":true,"href":"https:\/\/stjf.de\/wordpress\/wp-json\/wp\/v2\/product_cat?post=605"},{"taxonomy":"product_tag","embeddable":true,"href":"https:\/\/stjf.de\/wordpress\/wp-json\/wp\/v2\/product_tag?post=605"}],"curies":[{"name":"wp","href":"https:\/\/api.w.org\/{rel}","templated":true}]}}